{"id":138,"date":"2020-02-04T22:09:09","date_gmt":"2020-02-04T21:09:09","guid":{"rendered":"https:\/\/europa.is\/video-category\/"},"modified":"2020-09-03T20:46:14","modified_gmt":"2020-09-03T18:46:14","slug":"video-categories","status":"publish","type":"page","link":"https:\/\/europa.is\/nl\/video-categories\/","title":{"rendered":"Video Categories"},"content":{"rendered":"<p><a href=\"https:\/\/europa.is\/wp-content\/uploads\/2020\/06\/vimeo-subtitles-04-EN-1.jpg\"><img loading=\"lazy\" decoding=\"async\" class=\"alignnone wp-image-100006346 size-full\" src=\"https:\/\/europa.is\/wp-content\/uploads\/2020\/06\/vimeo-subtitles-04-EN-1.jpg\" alt=\"\" width=\"896\" height=\"110\" srcset=\"https:\/\/europa.is\/wp-content\/uploads\/2020\/06\/vimeo-subtitles-04-EN-1.jpg 896w, https:\/\/europa.is\/wp-content\/uploads\/2020\/06\/vimeo-subtitles-04-EN-1-300x37.jpg 300w, https:\/\/europa.is\/wp-content\/uploads\/2020\/06\/vimeo-subtitles-04-EN-1-180x22.jpg 180w, https:\/\/europa.is\/wp-content\/uploads\/2020\/06\/vimeo-subtitles-04-EN-1-768x94.jpg 768w, https:\/\/europa.is\/wp-content\/uploads\/2020\/06\/vimeo-subtitles-04-EN-1-135x17.jpg 135w\" sizes=\"auto, (max-width: 896px) 100vw, 896px\" \/><\/a><\/p>\n<p class=\"aiovg-breadcrumbs\"><span><a href=\"https:\/\/europa.is\/nl\/\">Home<\/a><\/span> \u00bb <span>Video Categories<\/span><\/p>\r\n<div class=\"aiovg aiovg-categories aiovg-categories-template-list\">\r\n\t\r\n\t<ul class=\"aiovg-categories-list\">\r\n\t\t\t<li class=\"cat-item cat-item-599\"><a href=\"https:\/\/europa.is\/nl\/video-categories\/essentie\/\">0 &#8211; De Essentie<\/a> <span class=\"cat-count-span\">(3)<\/span>\n<ul class='children'>\n\t<li class=\"cat-item cat-item-766\"><a href=\"https:\/\/europa.is\/nl\/video-categories\/freedom-nl\/\">Freedom<\/a> <span class=\"cat-count-span\">(2)<\/span>\n<\/li>\n<\/ul>\n<\/li>\n\t<li class=\"cat-item cat-item-758\"><a href=\"https:\/\/europa.is\/nl\/video-categories\/13-new-world-order-nl\/\">13 &#8211; New World Order<\/a> <span class=\"cat-count-span\">(1)<\/span>\n<\/li>\n\t<li class=\"cat-item cat-item-597\"><a href=\"https:\/\/europa.is\/nl\/video-categories\/vrijheid-van-meningsuiting\/\">2 &#8211; Vrijheid van meningsuiting<\/a> <span class=\"cat-count-span\">(6)<\/span>\n<\/li>\n\t<li class=\"cat-item cat-item-604\"><a href=\"https:\/\/europa.is\/nl\/video-categories\/ga-non-profit\/\">4 &#8211; Ga Non Profit<\/a> <span class=\"cat-count-span\">(1)<\/span>\n<\/li>\n\t<li class=\"cat-item cat-item-607\"><a href=\"https:\/\/europa.is\/nl\/video-categories\/bank-geheim-afschaffen\/\">5 &#8211; Bank Geheim Afschaffen<\/a> <span class=\"cat-count-span\">(1)<\/span>\n<\/li>\n\t<li class=\"cat-item cat-item-508\"><a href=\"https:\/\/europa.is\/nl\/video-categories\/gezondheid\/\">8 \u2013 Gezondheid<\/a> <span class=\"cat-count-span\">(25)<\/span>\n<ul class='children'>\n\t<li class=\"cat-item cat-item-671\"><a href=\"https:\/\/europa.is\/nl\/video-categories\/vaccines-nl\/\">Vaccines<\/a> <span class=\"cat-count-span\">(11)<\/span>\n<\/li>\n<\/ul>\n<\/li>\n\t<li class=\"cat-item cat-item-682\"><a href=\"https:\/\/europa.is\/nl\/video-categories\/the-media-nl\/\">9 &#8211; The Media<\/a> <span class=\"cat-count-span\">(1)<\/span>\n<\/li>\n\t<li class=\"cat-item cat-item-213\"><a href=\"https:\/\/europa.is\/nl\/video-categories\/fridays-for-future\/\">Fridays For Future<\/a> <span class=\"cat-count-span\">(29)<\/span>\n<ul class='children'>\n\t<li class=\"cat-item cat-item-212\"><a href=\"https:\/\/europa.is\/nl\/video-categories\/fff-milano\/\">FFF Milano<\/a> <span class=\"cat-count-span\">(25)<\/span>\n\t<ul class='children'>\n\t<li class=\"cat-item cat-item-216\"><a href=\"https:\/\/europa.is\/nl\/video-categories\/in-piazza\/\">in Piazza<\/a> <span class=\"cat-count-span\">(9)<\/span>\n<\/li>\n\t<\/ul>\n<\/li>\n\t<li class=\"cat-item cat-item-215\"><a href=\"https:\/\/europa.is\/nl\/video-categories\/global-climate-strike\/\">Global Climate Strikes<\/a> <span class=\"cat-count-span\">(3)<\/span>\n<\/li>\n\t<li class=\"cat-item cat-item-214\"><a href=\"https:\/\/europa.is\/nl\/video-categories\/people\/\">people<\/a> <span class=\"cat-count-span\">(20)<\/span>\n<\/li>\n<\/ul>\n<\/li>\n\t<li class=\"cat-item cat-item-258\"><a href=\"https:\/\/europa.is\/nl\/video-categories\/money-and-markets\/\">Money and Markets<\/a> <span class=\"cat-count-span\">(5)<\/span>\n<\/li>\n\t<li class=\"cat-item cat-item-783\"><a href=\"https:\/\/europa.is\/nl\/video-categories\/news-nl\/\">News<\/a> <span class=\"cat-count-span\">(1)<\/span>\n<\/li>\n\t<li class=\"cat-item cat-item-665\"><a href=\"https:\/\/europa.is\/nl\/video-categories\/nwo-nl\/\">NWO<\/a> <span class=\"cat-count-span\">(3)<\/span>\n<\/li>\n\t<li class=\"cat-item cat-item-625\"><a href=\"https:\/\/europa.is\/nl\/video-categories\/persoonlijkheden\/\">Persoonlijkheden<\/a> <span class=\"cat-count-span\">(25)<\/span>\n<ul class='children'>\n\t<li class=\"cat-item cat-item-695\"><a href=\"https:\/\/europa.is\/nl\/video-categories\/andrew-kaufman-nl\/\">Andrew Kaufman<\/a> <span class=\"cat-count-span\">(2)<\/span>\n<\/li>\n\t<li class=\"cat-item cat-item-669\"><a href=\"https:\/\/europa.is\/nl\/video-categories\/anthony-fauci-nl-2\/\">Anthony Fauci<\/a> <span class=\"cat-count-span\">(2)<\/span>\n<\/li>\n\t<li class=\"cat-item cat-item-627\"><a href=\"https:\/\/europa.is\/nl\/video-categories\/bill-gates-nl\/\">Bill Gates<\/a> <span class=\"cat-count-span\">(5)<\/span>\n<\/li>\n\t<li class=\"cat-item cat-item-688\"><a href=\"https:\/\/europa.is\/nl\/video-categories\/dolores-cahill\/\">Dolores Cahill<\/a> <span class=\"cat-count-span\">(7)<\/span>\n<\/li>\n\t<li class=\"cat-item cat-item-724\"><a href=\"https:\/\/europa.is\/nl\/video-categories\/dra-maria-jose-martinez-albarracin-nl\/\">Dra. Maria Jos\u00e9 Mart\u00ednez Albarrac\u00edn<\/a> <span class=\"cat-count-span\">(1)<\/span>\n<\/li>\n\t<li class=\"cat-item cat-item-741\"><a href=\"https:\/\/europa.is\/nl\/video-categories\/judy-mikovits-nl\/\">Judy Mikovits<\/a> <span class=\"cat-count-span\">(2)<\/span>\n<\/li>\n\t<li class=\"cat-item cat-item-670\"><a href=\"https:\/\/europa.is\/nl\/video-categories\/kary-mullis-nl\/\">Kary Mullis<\/a> <span class=\"cat-count-span\">(4)<\/span>\n<\/li>\n\t<li class=\"cat-item cat-item-631\"><a href=\"https:\/\/europa.is\/nl\/video-categories\/naomi-klein-nl\/\">Naomi Klein<\/a> <span class=\"cat-count-span\">(1)<\/span>\n<\/li>\n\t<li class=\"cat-item cat-item-709\"><a href=\"https:\/\/europa.is\/nl\/video-categories\/reiner-fuellmich-nl\/\">Reiner Fuellmich<\/a> <span class=\"cat-count-span\">(3)<\/span>\n<\/li>\n\t<li class=\"cat-item cat-item-636\"><a href=\"https:\/\/europa.is\/nl\/video-categories\/robert-f-kennedy-nl\/\">Robert F. Kennedy<\/a> <span class=\"cat-count-span\">(6)<\/span>\n<\/li>\n\t<li class=\"cat-item cat-item-729\"><a href=\"https:\/\/europa.is\/nl\/video-categories\/wolfgang-wodarg-nl\/\">Wolfgang Wodarg<\/a> <span class=\"cat-count-span\">(2)<\/span>\n<\/li>\n<\/ul>\n<\/li>\n\t<li class=\"cat-item cat-item-616\"><a href=\"https:\/\/europa.is\/nl\/video-categories\/wereldwijd\/\">Wereldwijd<\/a> <span class=\"cat-count-span\">(49)<\/span>\n<ul class='children'>\n\t<li class=\"cat-item cat-item-509\"><a href=\"https:\/\/europa.is\/nl\/video-categories\/corona-crisis-nl\/\">Corona Crisis<\/a> <span class=\"cat-count-span\">(48)<\/span>\n\t<ul class='children'>\n\t<li class=\"cat-item cat-item-675\"><a href=\"https:\/\/europa.is\/nl\/video-categories\/artsen-collectief-collectives-nl\/\">artsencollectiefs<\/a> <span class=\"cat-count-span\">(6)<\/span>\n<\/li>\n\t<li class=\"cat-item cat-item-645\"><a href=\"https:\/\/europa.is\/nl\/video-categories\/plandemic-nl\/\">Plandemic<\/a> <span class=\"cat-count-span\">(9)<\/span>\n<\/li>\n\t<li class=\"cat-item cat-item-641\"><a href=\"https:\/\/europa.is\/nl\/video-categories\/tweede-mening\/\">tweede mening<\/a> <span class=\"cat-count-span\">(17)<\/span>\n<\/li>\n\t<\/ul>\n<\/li>\n\t<li class=\"cat-item cat-item-664\"><a href=\"https:\/\/europa.is\/nl\/video-categories\/the-new-normal-nl\/\">The new normal?<\/a> <span class=\"cat-count-span\">(4)<\/span>\n<\/li>\n<\/ul>\n<\/li>\n\t<li class=\"cat-item cat-item-553\"><a href=\"https:\/\/europa.is\/nl\/video-categories\/zzz-for-extract-subs\/\">zzz &#8211; for extract\/subs<\/a> <span class=\"cat-count-span\">(2)<\/span>\n<\/li>\n\t<li class=\"cat-item cat-item-549\"><a href=\"https:\/\/europa.is\/nl\/video-categories\/not-organized\/\">zzz not organized<\/a> <span class=\"cat-count-span\">(2)<\/span>\n<\/li>\n\t<li class=\"cat-item cat-item-637\"><a href=\"https:\/\/europa.is\/nl\/video-categories\/body\/\">body<\/a> <span class=\"cat-count-span\">(2)<\/span>\n<\/li>\n\t<li class=\"cat-item cat-item-571\"><a href=\"https:\/\/europa.is\/nl\/video-categories\/food\/\">Food<\/a> <span class=\"cat-count-span\">(2)<\/span>\n<\/li>\n\t<li class=\"cat-item cat-item-569\"><a href=\"https:\/\/europa.is\/nl\/video-categories\/gmo\/\">GMO<\/a> <span class=\"cat-count-span\">(1)<\/span>\n<\/li>\n\t<li class=\"cat-item cat-item-696\"><a href=\"https:\/\/europa.is\/nl\/video-categories\/immune-system\/\">Immune system<\/a> <span class=\"cat-count-span\">(1)<\/span>\n<\/li>\n\t<li class=\"cat-item cat-item-220\"><a href=\"https:\/\/europa.is\/nl\/video-categories\/climate-emergency\/\">Climate Emergency<\/a> <span class=\"cat-count-span\">(5)<\/span>\n<\/li>\n\t<li class=\"cat-item cat-item-261\"><a href=\"https:\/\/europa.is\/nl\/video-categories\/less-plastic\/\">Less Plastic<\/a> <span class=\"cat-count-span\">(3)<\/span>\n<\/li>\n\t<li class=\"cat-item cat-item-217\"><a href=\"https:\/\/europa.is\/nl\/video-categories\/stopecocide\/\">StopEcocide<\/a> <span class=\"cat-count-span\">(13)<\/span>\n<\/li>\n\t<li class=\"cat-item cat-item-755\"><a href=\"https:\/\/europa.is\/nl\/video-categories\/del-bigtree\/\">Del Bigtree<\/a> <span class=\"cat-count-span\">(1)<\/span>\n<\/li>\n\t<li class=\"cat-item cat-item-754\"><a href=\"https:\/\/europa.is\/nl\/video-categories\/larry-palevsky\/\">Larry Palevsky<\/a> <span class=\"cat-count-span\">(2)<\/span>\n<\/li>\n\t<li class=\"cat-item cat-item-757\"><a href=\"https:\/\/europa.is\/nl\/video-categories\/energy\/\">Energy<\/a> <span class=\"cat-count-span\">(3)<\/span>\n<\/li>\n\t<li class=\"cat-item cat-item-225\"><a href=\"https:\/\/europa.is\/nl\/video-categories\/fun\/\">Fun<\/a> <span class=\"cat-count-span\">(3)<\/span>\n<\/li>\n\t<li class=\"cat-item cat-item-681\"><a href=\"https:\/\/europa.is\/nl\/video-categories\/mystery\/\">Mystery<\/a> <span class=\"cat-count-span\">(1)<\/span>\n<\/li>\n\t<\/ul>\r\n<\/div>\n<div style='text-align:center' class='yasr-auto-insert-visitor'><!--Yasr Visitor Votes Shortcode--><div id='yasr_visitor_votes_24e65392797af' class='yasr-visitor-votes'><div class=\"yasr-custom-text-vv-before yasr-custom-text-vv-before-138\">Rate this post \ud83d\ude42<\/div><div id='yasr-vv-second-row-container-24e65392797af'\r\n                                        class='yasr-vv-second-row-container'><div id='yasr-visitor-votes-rater-24e65392797af'\r\n                                      class='yasr-rater-stars-vv'\r\n                                      data-rater-postid='138'\r\n                                      data-rating='0'\r\n                                      data-rater-starsize='24'\r\n                                      data-rater-readonly='false'\r\n                                      data-rater-nonce='1361ad1a25'\r\n                                      data-issingular='false'\r\n                                    ><\/div><div class=\"yasr-vv-stats-text-container\" id=\"yasr-vv-stats-text-container-24e65392797af\"><svg xmlns=\"https:\/\/www.w3.org\/2000\/svg\" width=\"20\" height=\"20\"\r\n                                   class=\"yasr-dashicons-visitor-stats\"\r\n                                   data-postid=\"138\"\r\n                                   id=\"yasr-stats-dashicon-24e65392797af\">\r\n                                   <path d=\"M18 18v-16h-4v16h4zM12 18v-11h-4v11h4zM6 18v-8h-4v8h4z\"><\/path>\r\n                               <\/svg><span id=\"yasr-vv-text-container-24e65392797af\" class=\"yasr-vv-text-container\">[Total: <span id=\"yasr-vv-votes-number-container-24e65392797af\">0<\/span>  Average: <span id=\"yasr-vv-average-container-24e65392797af\">0<\/span>]<\/span><\/div><div id='yasr-vv-loader-24e65392797af' class='yasr-vv-container-loader'><\/div><\/div><div id='yasr-vv-bottom-container-24e65392797af'\r\n                              class='yasr-vv-bottom-container'\r\n                              style='display:none'><\/div><\/div><!--End Yasr Visitor Votes Shortcode--><\/div>","protected":false},"excerpt":{"rendered":"<p>Rate this post \ud83d\ude42 [Total: 0 Average: 0]<\/p>\n","protected":false},"author":1,"featured_media":16,"parent":0,"menu_order":0,"comment_status":"closed","ping_status":"closed","template":"","meta":{"cybocfi_hide_featured_image":"","yasr_overall_rating":0,"yasr_post_is_review":"","yasr_auto_insert_disabled":"","yasr_review_type":"","footnotes":""},"class_list":["post-138","page","type-page","status-publish","has-post-thumbnail","hentry","entry","has-media"],"yoast_head":"<!-- This site is optimized with the Yoast SEO plugin v27.4 - https:\/\/yoast.com\/product\/yoast-seo-wordpress\/ -->\n<title>Video Categories - Europa.is<\/title>\n<meta name=\"robots\" content=\"index, follow, max-snippet:-1, max-image-preview:large, max-video-preview:-1\" \/>\n<link rel=\"canonical\" href=\"https:\/\/europa.is\/nl\/video-categories\/\" \/>\n<meta property=\"og:locale\" content=\"nl_NL\" \/>\n<meta property=\"og:type\" content=\"article\" \/>\n<meta property=\"og:title\" content=\"Video Categories - Europa.is\" \/>\n<meta property=\"og:description\" content=\"Rate this post \ud83d\ude42 [Total: 0 Average: 0]\" \/>\n<meta property=\"og:url\" content=\"https:\/\/europa.is\/nl\/video-categories\/\" \/>\n<meta property=\"og:site_name\" content=\"Europa.is\" \/>\n<meta property=\"article:publisher\" content=\"https:\/\/www.facebook.com\/EurOpinionIs\" \/>\n<meta property=\"article:modified_time\" content=\"2020-09-03T18:46:14+00:00\" \/>\n<meta property=\"og:image\" content=\"https:\/\/europa.is\/wp-content\/uploads\/2020\/01\/only-one-energy.jpg\" \/>\n\t<meta property=\"og:image:width\" content=\"875\" \/>\n\t<meta property=\"og:image:height\" content=\"571\" \/>\n\t<meta property=\"og:image:type\" content=\"image\/jpeg\" \/>\n<meta name=\"twitter:card\" content=\"summary_large_image\" \/>\n<script type=\"application\/ld+json\" class=\"yoast-schema-graph\">{\"@context\":\"https:\\\/\\\/schema.org\",\"@graph\":[{\"@type\":\"WebPage\",\"@id\":\"https:\\\/\\\/europa.is\\\/nl\\\/video-categories\\\/\",\"url\":\"https:\\\/\\\/europa.is\\\/nl\\\/video-categories\\\/\",\"name\":\"Video Categories - Europa.is\",\"isPartOf\":{\"@id\":\"https:\\\/\\\/europa.is\\\/nl\\\/#website\"},\"primaryImageOfPage\":{\"@id\":\"https:\\\/\\\/europa.is\\\/nl\\\/video-categories\\\/#primaryimage\"},\"image\":{\"@id\":\"https:\\\/\\\/europa.is\\\/nl\\\/video-categories\\\/#primaryimage\"},\"thumbnailUrl\":\"https:\\\/\\\/europa.is\\\/wp-content\\\/uploads\\\/2020\\\/01\\\/only-one-energy.jpg\",\"datePublished\":\"2020-02-04T21:09:09+00:00\",\"dateModified\":\"2020-09-03T18:46:14+00:00\",\"breadcrumb\":{\"@id\":\"https:\\\/\\\/europa.is\\\/nl\\\/video-categories\\\/#breadcrumb\"},\"inLanguage\":\"nl-NL\",\"potentialAction\":[{\"@type\":\"ReadAction\",\"target\":[\"https:\\\/\\\/europa.is\\\/nl\\\/video-categories\\\/\"]}]},{\"@type\":\"ImageObject\",\"inLanguage\":\"nl-NL\",\"@id\":\"https:\\\/\\\/europa.is\\\/nl\\\/video-categories\\\/#primaryimage\",\"url\":\"https:\\\/\\\/europa.is\\\/wp-content\\\/uploads\\\/2020\\\/01\\\/only-one-energy.jpg\",\"contentUrl\":\"https:\\\/\\\/europa.is\\\/wp-content\\\/uploads\\\/2020\\\/01\\\/only-one-energy.jpg\",\"width\":875,\"height\":571,\"caption\":\"Only ONE Energy\"},{\"@type\":\"BreadcrumbList\",\"@id\":\"https:\\\/\\\/europa.is\\\/nl\\\/video-categories\\\/#breadcrumb\",\"itemListElement\":[{\"@type\":\"ListItem\",\"position\":1,\"name\":\"Home\",\"item\":\"https:\\\/\\\/europa.is\\\/nl\\\/\"},{\"@type\":\"ListItem\",\"position\":2,\"name\":\"Video Categories\"}]},{\"@type\":\"WebSite\",\"@id\":\"https:\\\/\\\/europa.is\\\/nl\\\/#website\",\"url\":\"https:\\\/\\\/europa.is\\\/nl\\\/\",\"name\":\"Europa.is\",\"description\":\"a Community!\",\"publisher\":{\"@id\":\"https:\\\/\\\/europa.is\\\/nl\\\/#organization\"},\"potentialAction\":[{\"@type\":\"SearchAction\",\"target\":{\"@type\":\"EntryPoint\",\"urlTemplate\":\"https:\\\/\\\/europa.is\\\/nl\\\/?s={search_term_string}\"},\"query-input\":{\"@type\":\"PropertyValueSpecification\",\"valueRequired\":true,\"valueName\":\"search_term_string\"}}],\"inLanguage\":\"nl-NL\"},{\"@type\":\"Organization\",\"@id\":\"https:\\\/\\\/europa.is\\\/nl\\\/#organization\",\"name\":\"Europa\u00b7Is\",\"url\":\"https:\\\/\\\/europa.is\\\/nl\\\/\",\"logo\":{\"@type\":\"ImageObject\",\"inLanguage\":\"nl-NL\",\"@id\":\"https:\\\/\\\/europa.is\\\/nl\\\/#\\\/schema\\\/logo\\\/image\\\/\",\"url\":\"https:\\\/\\\/europa.is\\\/wp-content\\\/uploads\\\/2019\\\/12\\\/Europa.is-1040rect.jpg\",\"contentUrl\":\"https:\\\/\\\/europa.is\\\/wp-content\\\/uploads\\\/2019\\\/12\\\/Europa.is-1040rect.jpg\",\"width\":1039,\"height\":634,\"caption\":\"Europa\u00b7Is\"},\"image\":{\"@id\":\"https:\\\/\\\/europa.is\\\/nl\\\/#\\\/schema\\\/logo\\\/image\\\/\"},\"sameAs\":[\"https:\\\/\\\/www.facebook.com\\\/EurOpinionIs\"]},false]}<\/script>\n<!-- \/ Yoast SEO plugin. -->","yoast_head_json":{"title":"Video Categories - Europa.is","robots":{"index":"index","follow":"follow","max-snippet":"max-snippet:-1","max-image-preview":"max-image-preview:large","max-video-preview":"max-video-preview:-1"},"canonical":"https:\/\/europa.is\/nl\/video-categories\/","og_locale":"nl_NL","og_type":"article","og_title":"Video Categories - Europa.is","og_description":"Rate this post \ud83d\ude42 [Total: 0 Average: 0]","og_url":"https:\/\/europa.is\/nl\/video-categories\/","og_site_name":"Europa.is","article_publisher":"https:\/\/www.facebook.com\/EurOpinionIs","article_modified_time":"2020-09-03T18:46:14+00:00","og_image":[{"width":875,"height":571,"url":"https:\/\/europa.is\/wp-content\/uploads\/2020\/01\/only-one-energy.jpg","type":"image\/jpeg"}],"twitter_card":"summary_large_image","schema":{"@context":"https:\/\/schema.org","@graph":[{"@type":"WebPage","@id":"https:\/\/europa.is\/nl\/video-categories\/","url":"https:\/\/europa.is\/nl\/video-categories\/","name":"Video Categories - Europa.is","isPartOf":{"@id":"https:\/\/europa.is\/nl\/#website"},"primaryImageOfPage":{"@id":"https:\/\/europa.is\/nl\/video-categories\/#primaryimage"},"image":{"@id":"https:\/\/europa.is\/nl\/video-categories\/#primaryimage"},"thumbnailUrl":"https:\/\/europa.is\/wp-content\/uploads\/2020\/01\/only-one-energy.jpg","datePublished":"2020-02-04T21:09:09+00:00","dateModified":"2020-09-03T18:46:14+00:00","breadcrumb":{"@id":"https:\/\/europa.is\/nl\/video-categories\/#breadcrumb"},"inLanguage":"nl-NL","potentialAction":[{"@type":"ReadAction","target":["https:\/\/europa.is\/nl\/video-categories\/"]}]},{"@type":"ImageObject","inLanguage":"nl-NL","@id":"https:\/\/europa.is\/nl\/video-categories\/#primaryimage","url":"https:\/\/europa.is\/wp-content\/uploads\/2020\/01\/only-one-energy.jpg","contentUrl":"https:\/\/europa.is\/wp-content\/uploads\/2020\/01\/only-one-energy.jpg","width":875,"height":571,"caption":"Only ONE Energy"},{"@type":"BreadcrumbList","@id":"https:\/\/europa.is\/nl\/video-categories\/#breadcrumb","itemListElement":[{"@type":"ListItem","position":1,"name":"Home","item":"https:\/\/europa.is\/nl\/"},{"@type":"ListItem","position":2,"name":"Video Categories"}]},{"@type":"WebSite","@id":"https:\/\/europa.is\/nl\/#website","url":"https:\/\/europa.is\/nl\/","name":"Europa.is","description":"a Community!","publisher":{"@id":"https:\/\/europa.is\/nl\/#organization"},"potentialAction":[{"@type":"SearchAction","target":{"@type":"EntryPoint","urlTemplate":"https:\/\/europa.is\/nl\/?s={search_term_string}"},"query-input":{"@type":"PropertyValueSpecification","valueRequired":true,"valueName":"search_term_string"}}],"inLanguage":"nl-NL"},{"@type":"Organization","@id":"https:\/\/europa.is\/nl\/#organization","name":"Europa\u00b7Is","url":"https:\/\/europa.is\/nl\/","logo":{"@type":"ImageObject","inLanguage":"nl-NL","@id":"https:\/\/europa.is\/nl\/#\/schema\/logo\/image\/","url":"https:\/\/europa.is\/wp-content\/uploads\/2019\/12\/Europa.is-1040rect.jpg","contentUrl":"https:\/\/europa.is\/wp-content\/uploads\/2019\/12\/Europa.is-1040rect.jpg","width":1039,"height":634,"caption":"Europa\u00b7Is"},"image":{"@id":"https:\/\/europa.is\/nl\/#\/schema\/logo\/image\/"},"sameAs":["https:\/\/www.facebook.com\/EurOpinionIs"]},false]}},"yasr_visitor_votes":{"stars_attributes":{"read_only":false,"span_bottom":false},"number_of_votes":0,"sum_votes":0},"_links":{"self":[{"href":"https:\/\/europa.is\/nl\/wp-json\/wp\/v2\/pages\/138","targetHints":{"allow":["GET"]}}],"collection":[{"href":"https:\/\/europa.is\/nl\/wp-json\/wp\/v2\/pages"}],"about":[{"href":"https:\/\/europa.is\/nl\/wp-json\/wp\/v2\/types\/page"}],"author":[{"embeddable":true,"href":"https:\/\/europa.is\/nl\/wp-json\/wp\/v2\/users\/1"}],"replies":[{"embeddable":true,"href":"https:\/\/europa.is\/nl\/wp-json\/wp\/v2\/comments?post=138"}],"version-history":[{"count":2,"href":"https:\/\/europa.is\/nl\/wp-json\/wp\/v2\/pages\/138\/revisions"}],"predecessor-version":[{"id":100007973,"href":"https:\/\/europa.is\/nl\/wp-json\/wp\/v2\/pages\/138\/revisions\/100007973"}],"wp:featuredmedia":[{"embeddable":true,"href":"https:\/\/europa.is\/nl\/wp-json\/wp\/v2\/media\/16"}],"wp:attachment":[{"href":"https:\/\/europa.is\/nl\/wp-json\/wp\/v2\/media?parent=138"}],"curies":[{"name":"wp","href":"https:\/\/api.w.org\/{rel}","templated":true}]}}