{"id":100011025,"date":"2019-12-16T23:07:17","date_gmt":"2019-12-16T22:07:17","guid":{"rendered":"https:\/\/europa.is\/values\/"},"modified":"2022-06-15T21:32:44","modified_gmt":"2022-06-15T19:32:44","slug":"values","status":"publish","type":"page","link":"https:\/\/europa.is\/it\/values\/","title":{"rendered":"Valori"},"content":{"rendered":"<h2>Europa\u00b7is sono Valori!<\/h2>\n<p><em>(traduzione artificiale da EN in attesa di correzione umana)<\/em><\/p>\n<ol>\n<li><a href=\"https:\/\/europa.is\/values\/nature-first\/\">Nature First<\/a><br \/>\nIl pianeta Terra, con tutta la sua natura, \u00e8 la madre, la culla e la casa della specie umana e di tutta la vita. Deve essere amato, protetto e curato. Senza una natura e un pianeta sani non pu\u00f2 esistere una societ\u00e0 globale sana.<\/li>\n<li><a href=\"https:\/\/europa.is\/values\/freedom-of-speech\/\">Freedom of Speech<\/a><br \/>\nLa libert\u00e0 di parola, espressione e informazione \u00e8 il diritto umano pi\u00f9 fondamentale. \u00c8 la base che rafforza tutti gli altri diritti umani, permettendo alla societ\u00e0 di svilupparsi e progredire in modo armonioso. Il senso pi\u00f9 ampio comprende anche la libert\u00e0 di stampa, la trasparenza delle entit\u00e0 e la privacy dell&#8217;individuo.<\/li>\n<li><a href=\"https:\/\/europa.is\/values\/gender-equality\/\">Gender Equality<\/a><br \/>\nGender equality is actually just a first step in paving the way towards non-discrimination in a wider sense, regarding also other issues like sexual preference, life style, beliefs and race.<\/li>\n<li><a href=\"https:\/\/europa.is\/go-non-profit\/\">Go Non Profit<\/a><br \/>\nUno dei maggiori problemi della societ\u00e0 moderna \u00e8 l&#8217;ossessione dell&#8217;industria per il &#8220;profitto prima di tutto&#8221; (per legge!). Questo degrada tutti gli esseri umani in &#8220;mercati&#8221; e tutta la natura in &#8220;beni&#8221;. Disumanizza la societ\u00e0 globale e spinge l&#8217;industria a esaurire le risorse naturali del pianeta. Gli elementi essenziali della vita, come le emozioni, il buon senso e il flusso naturale, vengono schiacciati e sostituiti da statistiche, logaritmi e &#8220;ambienti controllati&#8221;.<\/li>\n<li><a href=\"https:\/\/europa.is\/abolish-bank-secrecy\/\">Abolish Bank Secrecy<\/a><br \/>\nIn sostanza, il segreto bancario consente e stimola la corruzione globale ai massimi livelli. Questa, a sua volta, permette tutti gli altri crimini (organizzati). Finch\u00e9 esisteranno il segreto bancario e la conseguente corruzione globale, la vera democrazia non potr\u00e0 esistere.<\/li>\n<li><a href=\"https:\/\/europa.is\/science\/\">Science<\/a><\/li>\n<li><a href=\"\/Education\/\">Education<\/a><\/li>\n<li><a href=\"\/Health\">Health<\/a><\/li>\n<\/ol>\n<p>&nbsp;<\/p>\n<p>&nbsp;<\/p>\n<div style='text-align:center' class='yasr-auto-insert-visitor'><!--Yasr Visitor Votes Shortcode--><div id='yasr_visitor_votes_e3686ad324e79' class='yasr-visitor-votes'><div class=\"yasr-custom-text-vv-before yasr-custom-text-vv-before-100011025\">Rate this post \ud83d\ude42<\/div><div id='yasr-vv-second-row-container-e3686ad324e79'\r\n                                        class='yasr-vv-second-row-container'><div id='yasr-visitor-votes-rater-e3686ad324e79'\r\n                                      class='yasr-rater-stars-vv'\r\n                                      data-rater-postid='100011025'\r\n                                      data-rating='0'\r\n                                      data-rater-starsize='24'\r\n                                      data-rater-readonly='false'\r\n                                      data-rater-nonce='0f2c50dae7'\r\n                                      data-issingular='false'\r\n                                    ><\/div><div class=\"yasr-vv-stats-text-container\" id=\"yasr-vv-stats-text-container-e3686ad324e79\"><svg xmlns=\"https:\/\/www.w3.org\/2000\/svg\" width=\"20\" height=\"20\"\r\n                                   class=\"yasr-dashicons-visitor-stats\"\r\n                                   data-postid=\"100011025\"\r\n                                   id=\"yasr-stats-dashicon-e3686ad324e79\">\r\n                                   <path d=\"M18 18v-16h-4v16h4zM12 18v-11h-4v11h4zM6 18v-8h-4v8h4z\"><\/path>\r\n                               <\/svg><span id=\"yasr-vv-text-container-e3686ad324e79\" class=\"yasr-vv-text-container\">[Total: <span id=\"yasr-vv-votes-number-container-e3686ad324e79\">0<\/span>  Average: <span id=\"yasr-vv-average-container-e3686ad324e79\">0<\/span>]<\/span><\/div><div id='yasr-vv-loader-e3686ad324e79' class='yasr-vv-container-loader'><\/div><\/div><div id='yasr-vv-bottom-container-e3686ad324e79'\r\n                              class='yasr-vv-bottom-container'\r\n                              style='display:none'><\/div><\/div><!--End Yasr Visitor Votes Shortcode--><\/div>","protected":false},"excerpt":{"rendered":"<p>Europa\u00b7is sono Valori! (traduzione artificiale da EN in attesa di correzione umana) Nature First Il pianeta Terra, con tutta la sua natura, \u00e8 la madre, la culla e la casa della specie umana e di tutta la vita. Deve essere amato, protetto e curato. Senza una natura e un pianeta sani non pu\u00f2 esistere una [&hellip;]<\/p>\n","protected":false},"author":1,"featured_media":0,"parent":0,"menu_order":0,"comment_status":"closed","ping_status":"closed","template":"","meta":{"cybocfi_hide_featured_image":"","yasr_overall_rating":0,"yasr_post_is_review":"","yasr_auto_insert_disabled":"","yasr_review_type":"","footnotes":""},"class_list":["post-100011025","page","type-page","status-publish","hentry","entry"],"yoast_head":"<!-- This site is optimized with the Yoast SEO plugin v27.4 - https:\/\/yoast.com\/product\/yoast-seo-wordpress\/ -->\n<title>Valori - Europa.is<\/title>\n<meta name=\"robots\" content=\"index, follow, max-snippet:-1, max-image-preview:large, max-video-preview:-1\" \/>\n<link rel=\"canonical\" href=\"https:\/\/europa.is\/it\/values\/\" \/>\n<meta property=\"og:locale\" content=\"it_IT\" \/>\n<meta property=\"og:type\" content=\"article\" \/>\n<meta property=\"og:title\" content=\"Valori - Europa.is\" \/>\n<meta property=\"og:description\" content=\"Europa\u00b7is sono Valori! (traduzione artificiale da EN in attesa di correzione umana) Nature First Il pianeta Terra, con tutta la sua natura, \u00e8 la madre, la culla e la casa della specie umana e di tutta la vita. Deve essere amato, protetto e curato. Senza una natura e un pianeta sani non pu\u00f2 esistere una [&hellip;]\" \/>\n<meta property=\"og:url\" content=\"https:\/\/europa.is\/it\/values\/\" \/>\n<meta property=\"og:site_name\" content=\"Europa.is\" \/>\n<meta property=\"article:publisher\" content=\"https:\/\/www.facebook.com\/EurOpinionIs\" \/>\n<meta property=\"article:modified_time\" content=\"2022-06-15T19:32:44+00:00\" \/>\n<meta name=\"twitter:card\" content=\"summary_large_image\" \/>\n<meta name=\"twitter:label1\" content=\"Tempo di lettura stimato\" \/>\n\t<meta name=\"twitter:data1\" content=\"1 minuto\" \/>\n<script type=\"application\/ld+json\" class=\"yoast-schema-graph\">{\"@context\":\"https:\\\/\\\/schema.org\",\"@graph\":[{\"@type\":\"WebPage\",\"@id\":\"https:\\\/\\\/europa.is\\\/it\\\/values\\\/\",\"url\":\"https:\\\/\\\/europa.is\\\/it\\\/values\\\/\",\"name\":\"Valori - Europa.is\",\"isPartOf\":{\"@id\":\"https:\\\/\\\/europa.is\\\/it\\\/#website\"},\"datePublished\":\"2019-12-16T22:07:17+00:00\",\"dateModified\":\"2022-06-15T19:32:44+00:00\",\"breadcrumb\":{\"@id\":\"https:\\\/\\\/europa.is\\\/it\\\/values\\\/#breadcrumb\"},\"inLanguage\":\"it-IT\",\"potentialAction\":[{\"@type\":\"ReadAction\",\"target\":[\"https:\\\/\\\/europa.is\\\/it\\\/values\\\/\"]}]},{\"@type\":\"BreadcrumbList\",\"@id\":\"https:\\\/\\\/europa.is\\\/it\\\/values\\\/#breadcrumb\",\"itemListElement\":[{\"@type\":\"ListItem\",\"position\":1,\"name\":\"Home\",\"item\":\"https:\\\/\\\/europa.is\\\/it\\\/\"},{\"@type\":\"ListItem\",\"position\":2,\"name\":\"Valori\"}]},{\"@type\":\"WebSite\",\"@id\":\"https:\\\/\\\/europa.is\\\/it\\\/#website\",\"url\":\"https:\\\/\\\/europa.is\\\/it\\\/\",\"name\":\"Europa.is\",\"description\":\"a Community!\",\"publisher\":{\"@id\":\"https:\\\/\\\/europa.is\\\/it\\\/#organization\"},\"potentialAction\":[{\"@type\":\"SearchAction\",\"target\":{\"@type\":\"EntryPoint\",\"urlTemplate\":\"https:\\\/\\\/europa.is\\\/it\\\/?s={search_term_string}\"},\"query-input\":{\"@type\":\"PropertyValueSpecification\",\"valueRequired\":true,\"valueName\":\"search_term_string\"}}],\"inLanguage\":\"it-IT\"},{\"@type\":\"Organization\",\"@id\":\"https:\\\/\\\/europa.is\\\/it\\\/#organization\",\"name\":\"Europa\u00b7Is\",\"url\":\"https:\\\/\\\/europa.is\\\/it\\\/\",\"logo\":{\"@type\":\"ImageObject\",\"inLanguage\":\"it-IT\",\"@id\":\"https:\\\/\\\/europa.is\\\/it\\\/#\\\/schema\\\/logo\\\/image\\\/\",\"url\":\"https:\\\/\\\/europa.is\\\/wp-content\\\/uploads\\\/2019\\\/12\\\/Europa.is-1040rect.jpg\",\"contentUrl\":\"https:\\\/\\\/europa.is\\\/wp-content\\\/uploads\\\/2019\\\/12\\\/Europa.is-1040rect.jpg\",\"width\":1039,\"height\":634,\"caption\":\"Europa\u00b7Is\"},\"image\":{\"@id\":\"https:\\\/\\\/europa.is\\\/it\\\/#\\\/schema\\\/logo\\\/image\\\/\"},\"sameAs\":[\"https:\\\/\\\/www.facebook.com\\\/EurOpinionIs\"]},false]}<\/script>\n<!-- \/ Yoast SEO plugin. -->","yoast_head_json":{"title":"Valori - Europa.is","robots":{"index":"index","follow":"follow","max-snippet":"max-snippet:-1","max-image-preview":"max-image-preview:large","max-video-preview":"max-video-preview:-1"},"canonical":"https:\/\/europa.is\/it\/values\/","og_locale":"it_IT","og_type":"article","og_title":"Valori - Europa.is","og_description":"Europa\u00b7is sono Valori! (traduzione artificiale da EN in attesa di correzione umana) Nature First Il pianeta Terra, con tutta la sua natura, \u00e8 la madre, la culla e la casa della specie umana e di tutta la vita. Deve essere amato, protetto e curato. Senza una natura e un pianeta sani non pu\u00f2 esistere una [&hellip;]","og_url":"https:\/\/europa.is\/it\/values\/","og_site_name":"Europa.is","article_publisher":"https:\/\/www.facebook.com\/EurOpinionIs","article_modified_time":"2022-06-15T19:32:44+00:00","twitter_card":"summary_large_image","twitter_misc":{"Tempo di lettura stimato":"1 minuto"},"schema":{"@context":"https:\/\/schema.org","@graph":[{"@type":"WebPage","@id":"https:\/\/europa.is\/it\/values\/","url":"https:\/\/europa.is\/it\/values\/","name":"Valori - Europa.is","isPartOf":{"@id":"https:\/\/europa.is\/it\/#website"},"datePublished":"2019-12-16T22:07:17+00:00","dateModified":"2022-06-15T19:32:44+00:00","breadcrumb":{"@id":"https:\/\/europa.is\/it\/values\/#breadcrumb"},"inLanguage":"it-IT","potentialAction":[{"@type":"ReadAction","target":["https:\/\/europa.is\/it\/values\/"]}]},{"@type":"BreadcrumbList","@id":"https:\/\/europa.is\/it\/values\/#breadcrumb","itemListElement":[{"@type":"ListItem","position":1,"name":"Home","item":"https:\/\/europa.is\/it\/"},{"@type":"ListItem","position":2,"name":"Valori"}]},{"@type":"WebSite","@id":"https:\/\/europa.is\/it\/#website","url":"https:\/\/europa.is\/it\/","name":"Europa.is","description":"a Community!","publisher":{"@id":"https:\/\/europa.is\/it\/#organization"},"potentialAction":[{"@type":"SearchAction","target":{"@type":"EntryPoint","urlTemplate":"https:\/\/europa.is\/it\/?s={search_term_string}"},"query-input":{"@type":"PropertyValueSpecification","valueRequired":true,"valueName":"search_term_string"}}],"inLanguage":"it-IT"},{"@type":"Organization","@id":"https:\/\/europa.is\/it\/#organization","name":"Europa\u00b7Is","url":"https:\/\/europa.is\/it\/","logo":{"@type":"ImageObject","inLanguage":"it-IT","@id":"https:\/\/europa.is\/it\/#\/schema\/logo\/image\/","url":"https:\/\/europa.is\/wp-content\/uploads\/2019\/12\/Europa.is-1040rect.jpg","contentUrl":"https:\/\/europa.is\/wp-content\/uploads\/2019\/12\/Europa.is-1040rect.jpg","width":1039,"height":634,"caption":"Europa\u00b7Is"},"image":{"@id":"https:\/\/europa.is\/it\/#\/schema\/logo\/image\/"},"sameAs":["https:\/\/www.facebook.com\/EurOpinionIs"]},false]}},"yasr_visitor_votes":{"stars_attributes":{"read_only":false,"span_bottom":false},"number_of_votes":0,"sum_votes":0},"_links":{"self":[{"href":"https:\/\/europa.is\/it\/wp-json\/wp\/v2\/pages\/100011025","targetHints":{"allow":["GET"]}}],"collection":[{"href":"https:\/\/europa.is\/it\/wp-json\/wp\/v2\/pages"}],"about":[{"href":"https:\/\/europa.is\/it\/wp-json\/wp\/v2\/types\/page"}],"author":[{"embeddable":true,"href":"https:\/\/europa.is\/it\/wp-json\/wp\/v2\/users\/1"}],"replies":[{"embeddable":true,"href":"https:\/\/europa.is\/it\/wp-json\/wp\/v2\/comments?post=100011025"}],"version-history":[{"count":3,"href":"https:\/\/europa.is\/it\/wp-json\/wp\/v2\/pages\/100011025\/revisions"}],"predecessor-version":[{"id":100011038,"href":"https:\/\/europa.is\/it\/wp-json\/wp\/v2\/pages\/100011025\/revisions\/100011038"}],"wp:attachment":[{"href":"https:\/\/europa.is\/it\/wp-json\/wp\/v2\/media?parent=100011025"}],"curies":[{"name":"wp","href":"https:\/\/api.w.org\/{rel}","templated":true}]}}